{"id":5807,"date":"2015-09-24T17:40:06","date_gmt":"2015-09-24T15:40:06","guid":{"rendered":"http:\/\/housing.urv.cat\/?page_id=5807"},"modified":"2021-10-05T11:39:56","modified_gmt":"2021-10-05T09:39:56","slug":"profesores-visitantes","status":"publish","type":"page","link":"https:\/\/housing.urv.cat\/es\/portada\/presentacion\/profesores-visitantes\/","title":{"rendered":"Investigadores\/as visitantes"},"content":{"rendered":"<div  class='flex_column av-3ijdof-ae2186ea5d93f458ef0b7b1d4fe9a146 av_one_full  avia-builder-el-0  el_before_av_icon_box  avia-builder-el-first  first flex_column_div  '     ><p>\n<style type=\"text\/css\" data-created_by=\"avia_inline_auto\" id=\"style-css-av-43w75b-93e33c02240005c81b600170d01a1ce2\">\n#top .av-special-heading.av-43w75b-93e33c02240005c81b600170d01a1ce2{\npadding-bottom:10px;\n}\nbody .av-special-heading.av-43w75b-93e33c02240005c81b600170d01a1ce2 .av-special-heading-tag .heading-char{\nfont-size:25px;\n}\n.av-special-heading.av-43w75b-93e33c02240005c81b600170d01a1ce2 .av-subheading{\nfont-size:10px;\n}\n<\/style>\n<div  class='av-special-heading av-43w75b-93e33c02240005c81b600170d01a1ce2 av-special-heading-h3  avia-builder-el-1  el_before_av_textblock  avia-builder-el-first '><h3 class='av-special-heading-tag '  itemprop=\"headline\"  >\u00bfQuieres investigar en la C\u00e1tedra?<\/h3><div class=\"special-heading-border\"><div class=\"special-heading-inner-border\"><\/div><\/div><\/div><br \/>\n<section  class='av_textblock_section av-w986gv-bb880bc868e7068dd9c818e15625522b '   itemscope=\"itemscope\" itemtype=\"https:\/\/schema.org\/CreativeWork\" ><div class='avia_textblock'  itemprop=\"text\" ><p style=\"text-align: justify;\">La C\u00e1tedra UNESCO de vivienda de la Universidad Rovira i Virgili acoge investigadores\/as\u00a0visitantes, tanto a nivel nacional como internacional y de cualquier disciplina, que quieran realizar una estancia de investigaci\u00f3n de corta o larga duraci\u00f3n sobre vivienda. Los investigadores\u00a0visitantes desempe\u00f1an\u00a0un papel importante en nuestra investigaci\u00f3n, permitiendo compartir experiencias y conocimientos y contribuyendo a crear\u00a0redes de investigaci\u00f3n sobre vivienda.<\/p>\n<p style=\"text-align: justify;\">Para solicitar ser investigador\u00a0visitante,\u00a0simplemente debe enviarse un e-mail a <a href=\"mailto:nuria.lambea@urv.cat\"><span style=\"text-decoration: underline;\">nuria.lambea@urv.cat<\/span> \u00a0<\/a>indicando el nombre y apellidos, e-mail de contacto y motivos o intereses para visitarnos.<\/p>\n<\/div><\/section><br \/>\n\n<style type=\"text\/css\" data-created_by=\"avia_inline_auto\" id=\"style-css-av-38aq2n-6fd53f40e79088c7d419cf90e61a78f8\">\n#top .av-special-heading.av-38aq2n-6fd53f40e79088c7d419cf90e61a78f8{\npadding-bottom:10px;\n}\nbody .av-special-heading.av-38aq2n-6fd53f40e79088c7d419cf90e61a78f8 .av-special-heading-tag .heading-char{\nfont-size:25px;\n}\n.av-special-heading.av-38aq2n-6fd53f40e79088c7d419cf90e61a78f8 .av-subheading{\nfont-size:10px;\n}\n<\/style>\n<div  class='av-special-heading av-38aq2n-6fd53f40e79088c7d419cf90e61a78f8 av-special-heading-h3  avia-builder-el-3  el_after_av_textblock  el_before_av_textblock '><h3 class='av-special-heading-tag '  itemprop=\"headline\"  >\u00bfPor qu\u00e9 en la C\u00e1tedra UNESCO de vivienda de la Universidad Rovira i Virgili?<\/h3><div class=\"special-heading-border\"><div class=\"special-heading-inner-border\"><\/div><\/div><\/div><br \/>\n<section  class='av_textblock_section av-sd78pb-273cf3ad9dd5c5e5d27817ad011fa501 '   itemscope=\"itemscope\" itemtype=\"https:\/\/schema.org\/CreativeWork\" ><div class='avia_textblock'  itemprop=\"text\" ><p>La Universidad Rovira i Virgili (URV) es la universidad p\u00fablica del sur de Catalu\u00f1a y ocupa el 83\u00ba mejor del mundo en Universidad menores de 50 a\u00f1os y entre las 500 mejores universidades seg\u00fan Times Higher Education 2016 y el Academic Ranking of World Universities 2016 ( Shanghai Clasificaci\u00f3n). Es la 3\u00aa Universidad espa\u00f1ola con mayor productividad cient\u00edfica. Se ense\u00f1a a 15.000 estudiantes repartidos entre los 47 t\u00edtulos de grado y 49 m\u00e1steres.<img loading=\"lazy\" decoding=\"async\" class=\" wp-image-8925 alignright\" src=\"http:\/\/housing.urv.cat\/wp-content\/uploads\/2015\/09\/1200px-UNESCO_logo.svg_-300x224.png\" alt=\"\" width=\"171\" height=\"128\" \/><\/p>\n<p>En 2016, la UNESCO reconoci\u00f3 a la C\u00e1tedra de Vivienda URV como la sede de la <strong>primera C\u00e1tedra UNESCO de la vivienda en el mundo<\/strong>. Re\u00fane investigadores que se han ocupado de la vivienda durante los \u00faltimos 20 a\u00f1os. Entre julio de 2013 y noviembre de 2016, los miembros de la C\u00e1tedra han publicado 72 trabajos de investigaci\u00f3n en 9 pa\u00edses y se han llevado a cabo 173 conferencias en 25 m\u00e1s. Ha sido invitada a redactar cinco leyes tanto a nivel de Espa\u00f1a como de Catalu\u00f1a en materia de vivienda asequible, de tenencias de la vivienda y de protecci\u00f3n de los consumidores hipotecarios. Ha participado en 4 proyectos financiados por la UE (Parlamento Europeo y Comisi\u00f3n Europea) con tareas de coordinaci\u00f3n. Ha organizado 11 workshops para los profesionales de la vivienda y responsables pol\u00edticos entre 2015 y 2016. La C\u00e1tedra UNESCO de Vivienda cuenta con el apoyo expl\u00edcito de 10 partners p\u00fablicos y privados. Organiza dos cursos de postgrado, en mediaci\u00f3n y para la formaci\u00f3n de los agentes inmobiliarios.<br \/>\nAdem\u00e1s, la ciudad de <a href=\"http:\/\/www.tarragonaturisme.cat\/es\">Tarragona<\/a> tiene un clima, un patrimonio y un entorno inigualables para llevar a cabo estancias de investigaci\u00f3n y organizar congresos internacionales.<\/p>\n<p>Al ser investigador\/a visitante en la C\u00e1tedra tendr\u00e1s la oportunidad de ser ponente en los workshops que se organizan, tener un puesto de trabajo adecuado y acceso a una biblioteca especializada.<\/p>\n<\/div><\/section><br \/>\n<div  class='avia-slideshow av-2p57jj-092cafa6f945d7e2166b121eab7e742f avia-slideshow-extra_large av_slideshow avia-slide-slider  avia-builder-el-5  el_after_av_textblock  avia-builder-el-last  av-slideshow-ui av-control-default av-slideshow-autoplay av-loop-endless av-loop-manual-endless av-default-height-applied avia-slideshow-1' data-slideshow-options=\"{&quot;animation&quot;:&quot;slide&quot;,&quot;autoplay&quot;:true,&quot;loop_autoplay&quot;:&quot;endless&quot;,&quot;interval&quot;:5,&quot;loop_manual&quot;:&quot;manual-endless&quot;,&quot;autoplay_stopper&quot;:false,&quot;noNavigation&quot;:false,&quot;bg_slider&quot;:false,&quot;keep_padding&quot;:false,&quot;hoverpause&quot;:false,&quot;show_slide_delay&quot;:0}\"  itemprop=\"image\" itemscope=\"itemscope\" itemtype=\"https:\/\/schema.org\/ImageObject\" ><ul class='avia-slideshow-inner ' style='padding-bottom: 68.43137254902%;'><li  class='avia-slideshow-slide av-2p57jj-092cafa6f945d7e2166b121eab7e742f__0  slide-1 slide-odd'><div data-rel='slideshow-1' class='avia-slide-wrap '   ><img decoding=\"async\" fetchpriority=\"high\" class=\"wp-image-13490 avia-img-lazy-loading-not-13490\"  src=\"https:\/\/housing.urv.cat\/wp-content\/uploads\/2015\/09\/crai-urv-1.jpg\" width=\"510\" height=\"349\" title='crai-urv-1' alt=''  itemprop=\"thumbnailUrl\"   \/><\/div><\/li><li  class='avia-slideshow-slide av-2p57jj-092cafa6f945d7e2166b121eab7e742f__1  slide-2 slide-even'><div data-rel='slideshow-1' class='avia-slide-wrap '   ><img decoding=\"async\" fetchpriority=\"high\" class=\"wp-image-13498 avia-img-lazy-loading-not-13498\"  src=\"https:\/\/housing.urv.cat\/wp-content\/uploads\/2015\/09\/urv_11-1024x67921.jpg\" width=\"1024\" height=\"679\" title='urv_11-1024x6792' alt=''  itemprop=\"thumbnailUrl\"   \/><\/div><\/li><li  class='avia-slideshow-slide av-2p57jj-092cafa6f945d7e2166b121eab7e742f__2  slide-3 slide-odd'><div data-rel='slideshow-1' class='avia-slide-wrap '   ><img decoding=\"async\" fetchpriority=\"high\" class=\"wp-image-14472 avia-img-lazy-loading-not-14472\"  src=\"https:\/\/housing.urv.cat\/wp-content\/uploads\/2015\/09\/CHallMay2017-1500x1000.jpg\" width=\"1500\" height=\"1000\" title='CHallMay2017' alt=''  itemprop=\"thumbnailUrl\"   \/><\/div><\/li><li  class='avia-slideshow-slide av-2p57jj-092cafa6f945d7e2166b121eab7e742f__3  slide-4 slide-even'><div data-rel='slideshow-1' class='avia-slide-wrap '   ><img decoding=\"async\" fetchpriority=\"high\" class=\"wp-image-13488 avia-img-lazy-loading-not-13488\"  src=\"https:\/\/housing.urv.cat\/wp-content\/uploads\/2015\/09\/10_balcon-del-mediterraneo-tarragona.jpg\" width=\"600\" height=\"300\" title='Tarragona' alt=''  itemprop=\"thumbnailUrl\"   \/><\/div><\/li><li  class='avia-slideshow-slide av-2p57jj-092cafa6f945d7e2166b121eab7e742f__4  slide-5 slide-odd'><div data-rel='slideshow-1' class='avia-slide-wrap '   ><img decoding=\"async\" fetchpriority=\"high\" class=\"wp-image-13494 avia-img-lazy-loading-not-13494\"  src=\"https:\/\/housing.urv.cat\/wp-content\/uploads\/2015\/09\/tarragona.jpg\" width=\"640\" height=\"360\" title='tarragona' alt=''  itemprop=\"thumbnailUrl\"   \/><\/div><\/li><li  class='avia-slideshow-slide av-2p57jj-092cafa6f945d7e2166b121eab7e742f__5  slide-6 slide-even'><div data-rel='slideshow-1' class='avia-slide-wrap '   ><img decoding=\"async\" fetchpriority=\"high\" class=\"wp-image-13492 avia-img-lazy-loading-not-13492\"  src=\"https:\/\/housing.urv.cat\/wp-content\/uploads\/2015\/09\/rambla-nova-tarragona-1367238066885.jpg\" width=\"646\" height=\"412\" title='rambla-nova-tarragona-1367238066885' alt=''  itemprop=\"thumbnailUrl\"   \/><\/div><\/li><\/ul><div class='avia-slideshow-arrows avia-slideshow-controls' ><a href='#prev' class='prev-slide  avia-svg-icon avia-font-svg_entypo-fontello' data-av_svg_icon='left-open-big' data-av_iconset='svg_entypo-fontello' tabindex='-1' title=\"Anterior\"><svg version=\"1.1\" xmlns=\"http:\/\/www.w3.org\/2000\/svg\" width=\"15\" height=\"32\" viewBox=\"0 0 15 32\" preserveAspectRatio=\"xMidYMid meet\" aria-labelledby='av-svg-title-1' aria-describedby='av-svg-desc-1' role=\"graphics-symbol\" aria-hidden=\"true\">\n<title id='av-svg-title-1'>Anterior<\/title>\n<desc id='av-svg-desc-1'>Anterior<\/desc>\n<path d=\"M14.464 27.84q0.832 0.832 0 1.536-0.832 0.832-1.536 0l-12.544-12.608q-0.768-0.768 0-1.6l12.544-12.608q0.704-0.832 1.536 0 0.832 0.704 0 1.536l-11.456 11.904z\"><\/path>\n<\/svg><span class='avia_hidden_link_text'>Anterior<\/span><\/a><a href='#next' class='next-slide  avia-svg-icon avia-font-svg_entypo-fontello' data-av_svg_icon='right-open-big' data-av_iconset='svg_entypo-fontello' tabindex='-1' title=\"Posterior\"><svg version=\"1.1\" xmlns=\"http:\/\/www.w3.org\/2000\/svg\" width=\"15\" height=\"32\" viewBox=\"0 0 15 32\" preserveAspectRatio=\"xMidYMid meet\" aria-labelledby='av-svg-title-2' aria-describedby='av-svg-desc-2' role=\"graphics-symbol\" aria-hidden=\"true\">\n<title id='av-svg-title-2'>Posterior<\/title>\n<desc id='av-svg-desc-2'>Posterior<\/desc>\n<path d=\"M0.416 27.84l11.456-11.84-11.456-11.904q-0.832-0.832 0-1.536 0.832-0.832 1.536 0l12.544 12.608q0.768 0.832 0 1.6l-12.544 12.608q-0.704 0.832-1.536 0-0.832-0.704 0-1.536z\"><\/path>\n<\/svg><span class='avia_hidden_link_text'>Posterior<\/span><\/a><\/div><div class='avia-slideshow-dots avia-slideshow-controls'><a href='#1' class='goto-slide active' >1<\/a><a href='#2' class='goto-slide ' >2<\/a><a href='#3' class='goto-slide ' >3<\/a><a href='#4' class='goto-slide ' >4<\/a><a href='#5' class='goto-slide ' >5<\/a><a href='#6' class='goto-slide ' >6<\/a><\/div><\/div><\/p><\/div><article  class='iconbox iconbox_left av-1k10i7-af46bfe9cfccd8d34c67714bbb4d6e34  avia-builder-el-6  el_after_av_one_full  el_before_av_video '  itemscope=\"itemscope\" itemtype=\"https:\/\/schema.org\/CreativeWork\" ><div class=\"iconbox_content\"><header class=\"entry-content-header\" aria-label=\"Icon: La C\u00e1tedra y la URV\"><div class='iconbox_icon heading-color avia-iconfont avia-font-entypo-fontello' data-av_icon='\ue80d' data-av_iconfont='entypo-fontello'  ><\/div><h3 class='iconbox_content_title '  itemprop=\"headline\" >La C\u00e1tedra y la URV<\/h3><\/header><div class='iconbox_content_container '  itemprop=\"text\" ><\/div><\/div><footer class=\"entry-footer\"><\/footer><\/article><\/p>\n<div  class='avia-video av-1gmucv-f211f80c00634271a95cfa575104a46b avia-video-16-9 av-no-preview-image avia-video-load-always av-lazyload-immediate av-lazyload-video-embed'  itemprop=\"video\" itemtype=\"https:\/\/schema.org\/VideoObject\"  data-original_url='https:\/\/www.youtube.com\/watch?v=vR0BUVcRQjw'><script type='text\/html' class='av-video-tmpl'><div class='avia-iframe-wrap'><iframe loading=\"lazy\" width=\"1500\" height=\"844\" src=\"https:\/\/www.youtube.com\/embed\/vR0BUVcRQjw?feature=oembed&autoplay=0&loop=0&controls=1&mute=0\" frameborder=\"0\" allowfullscreen><\/iframe><\/div><\/script><div class='av-click-to-play-overlay'><div class=\"avia_playpause_icon\"><\/div><\/div><\/div>\n<div  class='avia-video av-c2d4kv-7e2d1248d422d6b7c9dfa8bb222677c9 avia-video-16-9 av-no-preview-image avia-video-load-always av-lazyload-immediate av-lazyload-video-embed'  itemprop=\"video\" itemtype=\"https:\/\/schema.org\/VideoObject\"  data-original_url='https:\/\/www.youtube.com\/watch?v=z-byxmrd988'><script type='text\/html' class='av-video-tmpl'><div class='avia-iframe-wrap'><iframe loading=\"lazy\" width=\"1500\" height=\"844\" src=\"https:\/\/www.youtube.com\/embed\/z-byxmrd988?feature=oembed&autoplay=0&loop=0&controls=1&mute=0\" frameborder=\"0\" allowfullscreen><\/iframe><\/div><\/script><div class='av-click-to-play-overlay'><div class=\"avia_playpause_icon\"><\/div><\/div><\/div>\n<div  class='hr av-a4crjz-31053cf7d24631b286d07064c4b2e001 hr-default  avia-builder-el-9  el_after_av_video  avia-builder-el-last '><span class='hr-inner '><span class=\"hr-inner-style\"><\/span><\/span><\/div>\n","protected":false},"excerpt":{"rendered":"","protected":false},"author":2,"featured_media":0,"parent":3166,"menu_order":0,"comment_status":"closed","ping_status":"closed","template":"","meta":{"footnotes":"","_wp_rev_ctl_limit":""},"class_list":["post-5807","page","type-page","status-publish","hentry"],"_links":{"self":[{"href":"https:\/\/housing.urv.cat\/es\/wp-json\/wp\/v2\/pages\/5807","targetHints":{"allow":["GET"]}}],"collection":[{"href":"https:\/\/housing.urv.cat\/es\/wp-json\/wp\/v2\/pages"}],"about":[{"href":"https:\/\/housing.urv.cat\/es\/wp-json\/wp\/v2\/types\/page"}],"author":[{"embeddable":true,"href":"https:\/\/housing.urv.cat\/es\/wp-json\/wp\/v2\/users\/2"}],"replies":[{"embeddable":true,"href":"https:\/\/housing.urv.cat\/es\/wp-json\/wp\/v2\/comments?post=5807"}],"version-history":[{"count":5,"href":"https:\/\/housing.urv.cat\/es\/wp-json\/wp\/v2\/pages\/5807\/revisions"}],"predecessor-version":[{"id":29412,"href":"https:\/\/housing.urv.cat\/es\/wp-json\/wp\/v2\/pages\/5807\/revisions\/29412"}],"up":[{"embeddable":true,"href":"https:\/\/housing.urv.cat\/es\/wp-json\/wp\/v2\/pages\/3166"}],"wp:attachment":[{"href":"https:\/\/housing.urv.cat\/es\/wp-json\/wp\/v2\/media?parent=5807"}],"curies":[{"name":"wp","href":"https:\/\/api.w.org\/{rel}","templated":true}]}}