{"id":44516,"date":"2026-04-19T22:44:36","date_gmt":"2026-04-19T20:44:36","guid":{"rendered":"https:\/\/housing.urv.cat\/?page_id=44516"},"modified":"2026-04-19T22:44:36","modified_gmt":"2026-04-19T20:44:36","slug":"red-territorio","status":"publish","type":"page","link":"https:\/\/housing.urv.cat\/es\/red-territorio\/","title":{"rendered":"RED TERRITORIO"},"content":{"rendered":"<p><img loading=\"lazy\" decoding=\"async\" class=\" wp-image-44341 aligncenter\" src=\"https:\/\/housing.urv.cat\/wp-content\/uploads\/2026\/03\/RT.png\" alt=\"\" width=\"369\" height=\"369\" \/><\/p>\n<h3><strong>PROYECTO RED TERRITORIO<\/strong><\/h3>\n<p class=\"wp-block-paragraph\">El proyecto <strong>RED TERRITORIO<\/strong> representa una iniciativa pionera impulsada por la <strong>Fundaci\u00f3n Registral del Colegio de Registradores de Espa\u00f1a<\/strong>, en colaboraci\u00f3n con la U<strong>niversidad de Valladolid y la C\u00e1tedra UNESCO de vivienda de la Universidad Rovira i Virgili<\/strong>,<strong> orientada a analizar y divulgar las principales transformaciones que atraviesan los territorios urbanos y rurales en Espa\u00f1a<\/strong> desde una perspectiva jur\u00eddica, social y econ\u00f3mica.<\/p>\n<p class=\"wp-block-paragraph\">Su prop\u00f3sito principal es <strong>construir un puente entre el conocimiento acad\u00e9mico y la sociedad<\/strong>, generando un espacio de di\u00e1logo en el que confluyan investigadores, registradores, profesionales del derecho, economistas, urbanistas y actores sociales implicados en los procesos de ordenaci\u00f3n, desarrollo y cohesi\u00f3n territorial.<\/p>\n<p class=\"wp-block-paragraph\"><strong>RED TERRITORIO combina el rigor cient\u00edfico con un enfoque divulgativo y social<\/strong>, utilizando como herramienta de comunicaci\u00f3n una serie audiovisual en formato entrevista, concebida como un instrumento de difusi\u00f3n p\u00fablica del pensamiento acad\u00e9mico y profesional sobre los desaf\u00edos contempor\u00e1neos del territorio.<\/p>\n<p><a href=\"https:\/\/youtu.be\/kbI4niCT-no?si=CSacp9OKg17VWGT0\" target=\"_blank\" rel=\"noopener\"><img loading=\"lazy\" decoding=\"async\" class=\"size-full wp-image-44352 aligncenter\" src=\"https:\/\/housing.urv.cat\/wp-content\/uploads\/2026\/03\/RT-T1E1.jpg\" alt=\"\" width=\"1024\" height=\"380\" \/><\/a><\/p>\n<p><a href=\"https:\/\/youtu.be\/P9DURgFXWXc?si=dFOAHVW0Wu_R471k\" target=\"_blank\" rel=\"noopener\"><img loading=\"lazy\" decoding=\"async\" class=\"alignnone size-full wp-image-44507\" src=\"https:\/\/housing.urv.cat\/wp-content\/uploads\/2026\/04\/RDT1C2.jpg\" alt=\"\" width=\"1024\" height=\"379\" \/><\/a><\/p>\n<p><a href=\"https:\/\/youtu.be\/_xdHp7zTk5U?si=6iEtpTqb8ofH5qkC\" target=\"_blank\" rel=\"noopener\"><img loading=\"lazy\" decoding=\"async\" class=\"alignnone size-full wp-image-44504\" src=\"https:\/\/housing.urv.cat\/wp-content\/uploads\/2026\/04\/RTT1C3.jpg\" alt=\"\" width=\"1024\" height=\"378\" \/><\/a><\/p>\n","protected":false},"excerpt":{"rendered":"<p>PROYECTO RED TERRITORIO El proyecto RED TERRITORIO representa una iniciativa pionera impulsada por la Fundaci\u00f3n Registral del Colegio de Registradores de Espa\u00f1a, en colaboraci\u00f3n con la Universidad de Valladolid y la C\u00e1tedra UNESCO de vivienda de la Universidad Rovira i Virgili, orientada a analizar y divulgar las principales transformaciones que atraviesan los territorios urbanos y [&hellip;]<\/p>\n","protected":false},"author":2,"featured_media":0,"parent":0,"menu_order":0,"comment_status":"closed","ping_status":"closed","template":"","meta":{"footnotes":"","_wp_rev_ctl_limit":""},"class_list":["post-44516","page","type-page","status-publish","hentry"],"_links":{"self":[{"href":"https:\/\/housing.urv.cat\/es\/wp-json\/wp\/v2\/pages\/44516","targetHints":{"allow":["GET"]}}],"collection":[{"href":"https:\/\/housing.urv.cat\/es\/wp-json\/wp\/v2\/pages"}],"about":[{"href":"https:\/\/housing.urv.cat\/es\/wp-json\/wp\/v2\/types\/page"}],"author":[{"embeddable":true,"href":"https:\/\/housing.urv.cat\/es\/wp-json\/wp\/v2\/users\/2"}],"replies":[{"embeddable":true,"href":"https:\/\/housing.urv.cat\/es\/wp-json\/wp\/v2\/comments?post=44516"}],"version-history":[{"count":2,"href":"https:\/\/housing.urv.cat\/es\/wp-json\/wp\/v2\/pages\/44516\/revisions"}],"predecessor-version":[{"id":44518,"href":"https:\/\/housing.urv.cat\/es\/wp-json\/wp\/v2\/pages\/44516\/revisions\/44518"}],"wp:attachment":[{"href":"https:\/\/housing.urv.cat\/es\/wp-json\/wp\/v2\/media?parent=44516"}],"curies":[{"name":"wp","href":"https:\/\/api.w.org\/{rel}","templated":true}]}}