{"id":44461,"date":"2026-04-13T08:36:00","date_gmt":"2026-04-13T06:36:00","guid":{"rendered":"https:\/\/housing.urv.cat\/?page_id=44461"},"modified":"2026-04-17T12:58:26","modified_gmt":"2026-04-17T10:58:26","slug":"seminario-diez-anos-de-la-propiedad-compartida-y-temporal-catalanas-2","status":"publish","type":"page","link":"https:\/\/housing.urv.cat\/es\/seminario-diez-anos-de-la-propiedad-compartida-y-temporal-catalanas-2\/","title":{"rendered":"\u00abDiez a\u00f1os de la propiedad compartida y temporal catalanas\u00bb"},"content":{"rendered":"<p><img loading=\"lazy\" decoding=\"async\" class=\"alignnone size-full wp-image-44452\" src=\"https:\/\/housing.urv.cat\/wp-content\/uploads\/2026\/04\/Seminario-PC-y-PT.png\" alt=\"\" width=\"850\" height=\"312\" \/><\/p>\n<p style=\"text-align: center;\"><b>Barcelona, \u200b\u200b21 de mayo de 2026<\/b><\/p>\n<p>En este seminario varios expertos, acad\u00e9micos y profesionales, analizar\u00e1n dos instituciones civiles catalanas que deber\u00edan ser claves para favorecer el acceso a la vivienda: la propiedad compartida y la propiedad temporal. Y lo har\u00e1n diez a\u00f1os despu\u00e9s de su inclusi\u00f3n en el C\u00f3digo Civil de Catalu\u00f1a por la Ley 19\/2015.<\/p>\n<p><b>Programa<\/b><\/p>\n<p><b>16.00h \u2013 16.15h. Bienvenida<\/b><\/p>\n<p>Dra. Inmaculada Barral Vi\u00f1als, directora general de Derecho, Entidades Jur\u00eddicas y Gesti\u00f3n Adecuada de Conflictos.<\/p>\n<p>Ilmo. Sr. D. Vicente J. Garc\u00eda-Hinojal L\u00f3pez, decano del Decanato auton\u00f3mico del Colegio de Registradores de la Propiedad de Catalu\u00f1a.<\/p>\n<p>Excma. Sra. D\u00aa. Cristina Vallejo Ros, decana del Ilustre Colegio de Abogados de Barcelona.<\/p>\n<p>Dr. H\u00e9ctor Sim\u00f3n Moreno, director de la C\u00e1tedra UNESCO de Vivienda de la Universidad Rovira i Virgili.<\/p>\n<p><b>16:15h &#8211; 16:45h. Ponencia inaugural<\/b><\/p>\n<p><b>\u00abEntre Escila y Caribdis: las tenencias intermedias para facilitar el acceso a la vivienda\u00bb.<\/b><\/p>\n<p>Prof. Dr. Sergio Nasarre Aznar, catedr\u00e1tico de Derecho civil y fundador de la C\u00e1tedra UNESCO de Vivienda, Universidad Rovira i Virgili.<\/p>\n<p><b>16:45h &#8211; 18:15h. Mesa redonda: \u00abLa regulaci\u00f3n de las tenencias intermedias\u00bb.<span class=\"Apple-converted-space\">\u00a0<\/span><\/b><\/p>\n<ul>\n<li>Dr. Carles Sala, Secretario de Vivienda en 2015.<\/li>\n<li>Sr. Francesc Torrent, notario y miembro de la Comisi\u00f3n de Codificaci\u00f3n en 2015.<span class=\"Apple-converted-space\">\u00a0<\/span><\/li>\n<li>Sr. \u00d3scar G. V\u00e1zquez Asenjo, vocal de Territorio y Vivienda del Decanato de los Registradores de Catalu\u00f1a.<\/li>\n<li>Dra. Chantal Moll de Alba, directora de la C\u00e1tedra de Derecho Registral de la Universidad de Barcelona.<\/li>\n<li>Sra. Marta Legarreta Fontelles, presidenta de la Secci\u00f3n de Derecho Civil del Ilustre Colegio de Abogados de Barcelona.<\/li>\n<\/ul>\n<p><b>18.15h.-18.30h. Breve proyecci\u00f3n de v\u00eddeos<\/b><\/p>\n<p><b>18:30h &#8211; 19:30h. Mesa redonda: \u00abCasos reales de aplicaci\u00f3n de las tenencias intermedias\u00bb.<\/b><\/p>\n<ul>\n<li>Sr. Gonzalo Quiralte Moreno, Notario de Esparraguera.<\/li>\n<li>Sr. Andr\u00e9s Labella, abogado.<\/li>\n<li>D\u00aa. Carmen Tintor\u00e9 Rigol, letrada. Incas\u00f2l.<\/li>\n<li>Sr. Adnan Sabir Mart\u00ednez, letrado de VINCLE \u2013 Associaci\u00f3 per la Recerca i l\u2019Acci\u00f3 Social a l&#8217;Oficina T\u00e8cnica de Venus (Barri de la Mina).<\/li>\n<\/ul>\n<p><b>19.30h \u2013 20.00h. Turno abierto de palabras<\/b><\/p>\n<p><b>LUGAR DE CELEBRACI\u00d3N<\/b><\/p>\n<p>Sede del Decanato auton\u00f3mico del Colegio de Registradores de la Propiedad y Mercantiles<\/p>\n<p>Paseo de la Zona Franca, 109, Barcelona.<\/p>\n<p>Tambi\u00e9n se puede seguir online a trav\u00e9s del siguiente enlace: <a href=\"https:\/\/teams.microsoft.com\/meet\/368158239972734?p=P56ayAKXMslmHtgTdK\">https:\/\/teams.microsoft.com\/meet\/368158239972734?p=P56ayAKXMslmHtgTdK<\/a><span class=\"Apple-converted-space\">\u00a0<\/span><\/p>\n<p><b>REGISTRO<\/b><\/p>\n<p>El acceso es libre pero el aforo est\u00e1 limitado a las personas registradas, tanto por la v\u00eda presencial como virtual.<\/p>\n<p>Para proceder a la inscripci\u00f3n y para m\u00e1s informaci\u00f3n, es necesario enviar un correo con los datos profesionales a <a href=\"mailto:housing@urv.cat\">housing@urv.cat<\/a>.<\/p>\n<p><strong>Con el apoyo de:<\/strong><\/p>\n<div class=\"mceTemp\"><\/div>\n<p><img loading=\"lazy\" decoding=\"async\" class=\"alignnone wp-image-31990\" src=\"https:\/\/housing.urv.cat\/wp-content\/uploads\/2022\/03\/registradors.png\" alt=\"\" width=\"264\" height=\"229\" \/><img loading=\"lazy\" decoding=\"async\" class=\"alignnone size-full wp-image-15290\" src=\"https:\/\/housing.urv.cat\/wp-content\/uploads\/2019\/01\/ICAB_logo.jpg\" alt=\"\" width=\"225\" height=\"224\" \/><img loading=\"lazy\" decoding=\"async\" class=\"alignnone size-full wp-image-44455\" src=\"https:\/\/housing.urv.cat\/wp-content\/uploads\/2026\/04\/catedra-dret-registral.png\" alt=\"\" width=\"355\" height=\"142\" \/><\/p>\n","protected":false},"excerpt":{"rendered":"<p>Barcelona, \u200b\u200b21 de mayo de 2026 En este seminario varios expertos, acad\u00e9micos y profesionales, analizar\u00e1n dos instituciones civiles catalanas que deber\u00edan ser claves para favorecer el acceso a la vivienda: la propiedad compartida y la propiedad temporal. Y lo har\u00e1n diez a\u00f1os despu\u00e9s de su inclusi\u00f3n en el C\u00f3digo Civil de Catalu\u00f1a por la Ley [&hellip;]<\/p>\n","protected":false},"author":2,"featured_media":0,"parent":0,"menu_order":0,"comment_status":"closed","ping_status":"closed","template":"","meta":{"footnotes":"","_wp_rev_ctl_limit":""},"class_list":["post-44461","page","type-page","status-publish","hentry"],"_links":{"self":[{"href":"https:\/\/housing.urv.cat\/es\/wp-json\/wp\/v2\/pages\/44461","targetHints":{"allow":["GET"]}}],"collection":[{"href":"https:\/\/housing.urv.cat\/es\/wp-json\/wp\/v2\/pages"}],"about":[{"href":"https:\/\/housing.urv.cat\/es\/wp-json\/wp\/v2\/types\/page"}],"author":[{"embeddable":true,"href":"https:\/\/housing.urv.cat\/es\/wp-json\/wp\/v2\/users\/2"}],"replies":[{"embeddable":true,"href":"https:\/\/housing.urv.cat\/es\/wp-json\/wp\/v2\/comments?post=44461"}],"version-history":[{"count":4,"href":"https:\/\/housing.urv.cat\/es\/wp-json\/wp\/v2\/pages\/44461\/revisions"}],"predecessor-version":[{"id":44463,"href":"https:\/\/housing.urv.cat\/es\/wp-json\/wp\/v2\/pages\/44461\/revisions\/44463"}],"wp:attachment":[{"href":"https:\/\/housing.urv.cat\/es\/wp-json\/wp\/v2\/media?parent=44461"}],"curies":[{"name":"wp","href":"https:\/\/api.w.org\/{rel}","templated":true}]}}