{"id":31542,"date":"2022-02-16T17:23:24","date_gmt":"2022-02-16T16:23:24","guid":{"rendered":"http:\/\/housing.urv.cat\/?page_id=31542"},"modified":"2022-02-21T12:53:50","modified_gmt":"2022-02-21T11:53:50","slug":"cvs","status":"publish","type":"page","link":"https:\/\/housing.urv.cat\/es\/cvs\/","title":{"rendered":"\u201cCertificado de buena gesti\u00f3n de Vivienda Social\u201d (CVS)"},"content":{"rendered":"<div  class='flex_column av-av_one_full-a93934ecd89fbb8a9566d39e89cd3725 av_one_full  avia-builder-el-0  el_before_av_one_full  avia-builder-el-first  first flex_column_div  '     ><section  class='av_textblock_section av-kzod9y0l-bc46acdc98eba2d5e950bf84834c9fa8 '   itemscope=\"itemscope\" itemtype=\"https:\/\/schema.org\/CreativeWork\" ><div class='avia_textblock'  itemprop=\"text\" ><p><img loading=\"lazy\" decoding=\"async\" class=\"aligncenter size-full wp-image-31554\" src=\"http:\/\/housing.urv.cat\/wp-content\/uploads\/2022\/02\/CERTIFICADO-DE.png\" alt=\"\" width=\"2000\" height=\"655\" \/><\/p>\n<\/div><\/section><\/div>\n<div  class='flex_column av-av_one_full-a93934ecd89fbb8a9566d39e89cd3725 av_one_full  avia-builder-el-2  el_after_av_one_full  el_before_av_hr  first flex_column_div  column-top-margin'     ><\/div>\n<div  class='hr av-av_hr-91d7ccd583a503147498e120fee2ff9b hr-default  avia-builder-el-3  el_after_av_one_full  el_before_av_one_full '><span class='hr-inner '><span class=\"hr-inner-style\"><\/span><\/span><\/div>\n<div  class='flex_column av-av_one_full-a93934ecd89fbb8a9566d39e89cd3725 av_one_full  avia-builder-el-4  el_after_av_hr  el_before_av_textblock  first flex_column_div  '     ><style type=\"text\/css\" data-created_by=\"avia_inline_auto\" id=\"style-css-av-kzoe2je2-c9e78cb956fa818615583f0a076cff29\">\n#top .av-special-heading.av-kzoe2je2-c9e78cb956fa818615583f0a076cff29{\npadding-bottom:10px;\n}\nbody .av-special-heading.av-kzoe2je2-c9e78cb956fa818615583f0a076cff29 .av-special-heading-tag .heading-char{\nfont-size:25px;\n}\n.av-special-heading.av-kzoe2je2-c9e78cb956fa818615583f0a076cff29 .av-subheading{\nfont-size:15px;\n}\n<\/style>\n<div  class='av-special-heading av-kzoe2je2-c9e78cb956fa818615583f0a076cff29 av-special-heading-h1 blockquote elegant-quote elegant-centered  avia-builder-el-5  avia-builder-el-no-sibling '><h1 class='av-special-heading-tag '  itemprop=\"headline\"  ><span class=\"heading-wrap\">Certificado de buena gesti\u00f3n de Vivienda Social (CVS)<\/span><\/h1><div class=\"special-heading-border\"><div class=\"special-heading-inner-border\"><\/div><\/div><\/div><\/div>\n<section  class='av_textblock_section av-kzodrhgd-6f1b8c43d71189bf75f605acf6cd5745 '   itemscope=\"itemscope\" itemtype=\"https:\/\/schema.org\/CreativeWork\" ><div class='avia_textblock'  itemprop=\"text\" ><p style=\"text-align: justify;\">La certificaci\u00f3n es un proceso avalado por la C\u00e1tedra UNESCO de Vivienda de la Universidad Rovira i Virgili (URV) y el Housing Research Group de la URV que eval\u00faa y acredita el cumplimiento <strong>de buenas pr\u00e1cticas<\/strong> tanto en la gesti\u00f3n del <strong>parque de vivienda social<\/strong> como en la gesti\u00f3n de las\u00a0<strong>personas\u00a0beneficiarias<\/strong> de este parque.<\/p>\n<\/div><\/section>\n<div  class='hr av-av_hr-91d7ccd583a503147498e120fee2ff9b hr-default  avia-builder-el-7  el_after_av_textblock  el_before_av_textblock '><span class='hr-inner '><span class=\"hr-inner-style\"><\/span><\/span><\/div>\n<section  class='av_textblock_section av-kzoe9qb6-9f20f324c19a8c30a10712b0919aa219 '   itemscope=\"itemscope\" itemtype=\"https:\/\/schema.org\/CreativeWork\" ><div class='avia_textblock'  itemprop=\"text\" ><h3 style=\"text-align: center;\"><strong>\u00bfEn qu\u00e9 consiste el certificado CVS?<\/strong><\/h3>\n<p style=\"text-align: justify;\">La certificaci\u00f3n CVS consiste en un proceso de evaluaci\u00f3n estructurado, objetivo e independiente de hasta <strong>44 par\u00e1metros<\/strong> clasificados como <strong>buenas pr\u00e1cticas<\/strong> en vivienda social, que se sustentan en un riguroso <a href=\"http:\/\/housing.urv.cat\/es\/portada\/investigacion\/publicaciones\/\">estudio cient\u00edfico a nivel nacional e internacional<\/a>.<\/p>\n<blockquote>\n<p style=\"text-align: justify;\">\u201cLa certificaci\u00f3n CVS garantiza que la entidad certificada aplica criterios de buena gesti\u00f3n en sus viviendas sociales y personas usuarias\u201d.<\/p>\n<\/blockquote>\n<\/div><\/section>\n<div  class='hr av-av_hr-91d7ccd583a503147498e120fee2ff9b hr-default  avia-builder-el-9  el_after_av_textblock  el_before_av_textblock '><span class='hr-inner '><span class=\"hr-inner-style\"><\/span><\/span><\/div>\n<section  class='av_textblock_section av-kzoedliy-add25c61a4dcff2ffc39e2846fe290ef '   itemscope=\"itemscope\" itemtype=\"https:\/\/schema.org\/CreativeWork\" ><div class='avia_textblock'  itemprop=\"text\" ><h3 style=\"text-align: center;\"><strong>\u00bfQu\u00e9 certificados se ofrecen? <\/strong><\/h3>\n<p style=\"text-align: justify;\">La certificaci\u00f3n CVS se podr\u00e1 obtener en categor\u00eda <strong>est\u00e1ndar o plus,<\/strong> seg\u00fan se cumplan solamente los par\u00e1metros considerados como b\u00e1sicos (CVS est\u00e1ndar) o tambi\u00e9n se acredite el cumplimiento de los par\u00e1metros considerados como complementarios (CVS Plus).<\/p>\n<\/div><\/section>\n<div  class='flex_column av-av_one_half-a93934ecd89fbb8a9566d39e89cd3725 av_one_half  avia-builder-el-11  el_after_av_textblock  el_before_av_one_half  first flex_column_div  column-top-margin'     ><style type=\"text\/css\" data-created_by=\"avia_inline_auto\" id=\"style-css-av-kzoef4i2-73ecf382ee3001bf069189ac20b505dd\">\n.avia-image-container.av-kzoef4i2-73ecf382ee3001bf069189ac20b505dd img.avia_image{\nbox-shadow:none;\n}\n.avia-image-container.av-kzoef4i2-73ecf382ee3001bf069189ac20b505dd .av-image-caption-overlay-center{\ncolor:#ffffff;\n}\n<\/style>\n<div  class='avia-image-container av-kzoef4i2-73ecf382ee3001bf069189ac20b505dd av-styling- av-hover-grow avia_animated_image av-animated-when-visible-95 top-to-bottom avia-align-center  avia-builder-el-12  avia-builder-el-no-sibling '   itemprop=\"image\" itemscope=\"itemscope\" itemtype=\"https:\/\/schema.org\/ImageObject\" ><div class=\"avia-image-container-inner\"><div class=\"avia-image-overlay-wrap\"><img decoding=\"async\" fetchpriority=\"high\" class='wp-image-31578 avia-img-lazy-loading-not-31578 avia_image ' src=\"https:\/\/housing.urv.cat\/wp-content\/uploads\/2022\/02\/CVS1-180x180.png\" alt='' title='CVS1'  height=\"180\" width=\"180\"  itemprop=\"thumbnailUrl\"  \/><\/div><\/div><\/div><\/div><div  class='flex_column av-av_one_half-d06667205e6186ec8414c6eb7605d406 av_one_half  avia-builder-el-13  el_after_av_one_half  el_before_av_hr  flex_column_div  column-top-margin'     ><style type=\"text\/css\" data-created_by=\"avia_inline_auto\" id=\"style-css-av-kzof24xo-e3d32b884914d328613e1ae54cec9250\">\n.avia-image-container.av-kzof24xo-e3d32b884914d328613e1ae54cec9250 img.avia_image{\nbox-shadow:none;\n}\n.avia-image-container.av-kzof24xo-e3d32b884914d328613e1ae54cec9250 .av-image-caption-overlay-center{\ncolor:#ffffff;\n}\n<\/style>\n<div  class='avia-image-container av-kzof24xo-e3d32b884914d328613e1ae54cec9250 av-styling- av-hover-grow avia_animated_image av-animated-when-visible-95 top-to-bottom avia-align-center  avia-builder-el-14  avia-builder-el-no-sibling '   itemprop=\"image\" itemscope=\"itemscope\" itemtype=\"https:\/\/schema.org\/ImageObject\" ><div class=\"avia-image-container-inner\"><div class=\"avia-image-overlay-wrap\"><img decoding=\"async\" fetchpriority=\"high\" class='wp-image-31573 avia-img-lazy-loading-not-31573 avia_image ' src=\"https:\/\/housing.urv.cat\/wp-content\/uploads\/2022\/02\/CVS-180x180.png\" alt='' title='CVS'  height=\"180\" width=\"180\"  itemprop=\"thumbnailUrl\"  \/><\/div><\/div><\/div><\/div><div  class='hr av-av_hr-91d7ccd583a503147498e120fee2ff9b hr-default  avia-builder-el-15  el_after_av_one_half  el_before_av_textblock '><span class='hr-inner '><span class=\"hr-inner-style\"><\/span><\/span><\/div><\/p>\n<section  class='av_textblock_section av-kyrezpfw-7b6858298f6ce0acfc2ccd02f1ca6a3e '   itemscope=\"itemscope\" itemtype=\"https:\/\/schema.org\/CreativeWork\" ><div class='avia_textblock'  itemprop=\"text\" ><h3 style=\"text-align: center;\"><strong>\u00bfA qui\u00e9n va destinado el certificado CVS?<\/strong><\/h3>\n<p style=\"text-align: justify;\">La certificaci\u00f3n CVS <strong>va dirigida <\/strong>a entidades\u00a0de naturaleza\u00a0<strong>p\u00fablica, mixta\u00a0o privada <\/strong>que, con o sin \u00e1nimo de lucro, e independientemente de su forma jur\u00eddica y\u00a0dimensi\u00f3n, <strong>gestionen viviendas consideradas como\u00a0\u00absociales\u00bb.<\/strong><\/p>\n<\/div><\/section>\n<div  class='hr av-av_hr-91d7ccd583a503147498e120fee2ff9b hr-default  avia-builder-el-17  el_after_av_textblock  el_before_av_textblock '><span class='hr-inner '><span class=\"hr-inner-style\"><\/span><\/span><\/div>\n<section  class='av_textblock_section av-kzoeszig-9dc03d7c356cd0266a7a449164797a93 '   itemscope=\"itemscope\" itemtype=\"https:\/\/schema.org\/CreativeWork\" ><div class='avia_textblock'  itemprop=\"text\" ><h3 style=\"text-align: center;\"><strong>\u00bfC\u00f3mo se obtiene el certificado CVS?<\/strong><\/h3>\n<p style=\"text-align: justify;\">Una vez realizada la solicitud de certificaci\u00f3n, el equipo de especialistas de la C\u00e1tedra UNESCO de Vivienda de la Universidad Rovira i Virgili (URV) se pondr\u00e1 en contacto con la entidad solicitante y detallar\u00e1 el listado de documentos requeridos para la evaluaci\u00f3n de los par\u00e1metros que determinar\u00e1n las buenas pr\u00e1cticas en la gesti\u00f3n de vivienda social aplicadas por la entidad gestora de vivienda social que se somete a la certificaci\u00f3n CVS.<\/p>\n<p style=\"text-align: justify;\">La evaluaci\u00f3n atender\u00e1 aspectos relativos a:<\/p>\n<ul style=\"text-align: justify;\">\n<li>La <strong>estructura de gobierno<\/strong> y gesti\u00f3n de la entidad.<\/li>\n<li>Las <strong>fuentes de financiaci\u00f3n<\/strong> y estrategias econ\u00f3micas seguidas.<\/li>\n<li>La <strong>gesti\u00f3n<\/strong> del parque de vivienda social.<\/li>\n<li>Los <strong>servicios prestados<\/strong>: tipolog\u00eda, cantidad y calidad.<\/li>\n<\/ul>\n<p style=\"text-align: justify;\">Revisada la documentaci\u00f3n aportada, los especialistas emitir\u00e1n un informe de puntaci\u00f3n de los distintos par\u00e1metros evaluados y emitir\u00e1n la calificaci\u00f3n final para obtener el certificado.<\/p>\n<p style=\"text-align: justify;\">En caso de que la entidad no logre la calificaci\u00f3n necesaria se le ofrecer\u00e1 un informe de recomendaciones y se le brindar\u00e1 el acompa\u00f1amiento requerido para la obtenci\u00f3n de la certificaci\u00f3n. <strong>\u00a0\u00a0<\/strong><\/p>\n<\/div><\/section>\n<div  class='hr av-av_hr-91d7ccd583a503147498e120fee2ff9b hr-default  avia-builder-el-19  el_after_av_textblock  el_before_av_textblock '><span class='hr-inner '><span class=\"hr-inner-style\"><\/span><\/span><\/div>\n<section  class='av_textblock_section av-kzoetxx3-caef78f44f1a14201b70e85f7caa6c25 '   itemscope=\"itemscope\" itemtype=\"https:\/\/schema.org\/CreativeWork\" ><div class='avia_textblock'  itemprop=\"text\" ><h3 style=\"text-align: center;\"><strong>\u00bfCu\u00e1l es la vigencia del CVS?<\/strong><\/h3>\n<p style=\"text-align: justify;\">El CVS o CVS Plus tiene una <strong>vigencia de 4 a\u00f1os<\/strong>. Finalizado este per\u00edodo, las entidades deber\u00e1n actualizar dicha certificaci\u00f3n.<strong>\u00a0<\/strong><\/p>\n<\/div><\/section>\n<div  class='hr av-av_hr-91d7ccd583a503147498e120fee2ff9b hr-default  avia-builder-el-21  el_after_av_textblock  el_before_av_textblock '><span class='hr-inner '><span class=\"hr-inner-style\"><\/span><\/span><\/div>\n<section  class='av_textblock_section av-kzoewh0z-4dd3efb16a2370d0c11b89e2acf86e0d '   itemscope=\"itemscope\" itemtype=\"https:\/\/schema.org\/CreativeWork\" ><div class='avia_textblock'  itemprop=\"text\" ><h3 style=\"text-align: center;\"><strong>\u00bfCu\u00e1les son los principales beneficios que obtiene la entidad certificada? <\/strong><\/h3>\n<p style=\"text-align: justify;\">Las entidades de gesti\u00f3n de vivienda social que dispongan de la certificaci\u00f3n CVS lograran:<\/p>\n<ul>\n<li style=\"text-align: justify;\"><strong>Acreditar una gesti\u00f3n de vivienda social<\/strong> que sigue valores de eficiencia, sostenibilidad y calidad en los servicios prestados de acuerdo a validaciones cient\u00edficas proveniente de la academia.<\/li>\n<li style=\"text-align: justify;\">Mejorar en el cumplimiento de <strong>criterios de viabilidad econ\u00f3mica<\/strong> y de eficiencia en la gesti\u00f3n, siempre garantizando la calidad en la gesti\u00f3n del patrimonio y de las personas.<\/li>\n<li style=\"text-align: justify;\">Mejorar la <strong>percepci\u00f3n p\u00fablica<\/strong>, la <strong>credibilidad<\/strong> y los <strong>resultados de la entidad<\/strong>.<\/li>\n<li style=\"text-align: justify;\">Evidenciar su <strong>compromiso con la calidad<\/strong> de los servicios prestados.<\/li>\n<li style=\"text-align: justify;\">Incrementar el <strong>conocimiento y la transparencia<\/strong> del sector de la vivienda social y de su gesti\u00f3n.<\/li>\n<li style=\"text-align: justify;\">Atraer n<strong>uevas oportunidades de colaboraci\u00f3n<\/strong> entre entidades.<\/li>\n<\/ul>\n<\/div><\/section>\n<div  class='hr av-av_hr-91d7ccd583a503147498e120fee2ff9b hr-default  avia-builder-el-23  el_after_av_textblock  el_before_av_textblock '><span class='hr-inner '><span class=\"hr-inner-style\"><\/span><\/span><\/div>\n<section  class='av_textblock_section av-kzprjr71-c444852df7547ce8252e4624d4a58941 '   itemscope=\"itemscope\" itemtype=\"https:\/\/schema.org\/CreativeWork\" ><div class='avia_textblock'  itemprop=\"text\" ><h4 style=\"text-align: justify;\"><strong>Un sello avalado por: <\/strong><\/h4>\n<p style=\"text-align: justify;\">La C\u00e1tedra UNESCO de Vivienda de la Universidad Rovira i Virgili (URV) y el Housing Research Group de la URV.<\/p>\n<p style=\"text-align: justify;\"><img loading=\"lazy\" decoding=\"async\" class=\"wp-image-31369 alignleft\" src=\"http:\/\/housing.urv.cat\/wp-content\/uploads\/2022\/01\/Imagen-10.png\" alt=\"\" width=\"340\" height=\"91\" \/><img loading=\"lazy\" decoding=\"async\" class=\"wp-image-31211 alignnone\" src=\"http:\/\/housing.urv.cat\/wp-content\/uploads\/2022\/01\/Imagen-2.png\" alt=\"\" width=\"186\" height=\"128\" data-wp-editing=\"1\" \/><\/p>\n<p>El desarrollo del CVS ha recibido una ayuda del Programa R2B (R2B2020\/03) de la Fundaci\u00f3n URV. Para m\u00e1s informaci\u00f3n consultar el <a href=\"http:\/\/housing.urv.cat\/es\/portada\/investigacion\/proyectos\/cvs\/\">enlace<\/a>.<\/p>\n<\/div><\/section>\n<div  class='hr av-av_hr-91d7ccd583a503147498e120fee2ff9b hr-default  avia-builder-el-25  el_after_av_textblock  el_before_av_textblock '><span class='hr-inner '><span class=\"hr-inner-style\"><\/span><\/span><\/div>\n<section  class='av_textblock_section av-kyrexrkf-e0e7de0407a37ab294febd084c80905d '   itemscope=\"itemscope\" itemtype=\"https:\/\/schema.org\/CreativeWork\" ><div class='avia_textblock'  itemprop=\"text\" ><h4><strong>Planes piloto realizados: <\/strong><\/h4>\n<p><a href=\"https:\/\/www.habitat3.cat\/\"><img loading=\"lazy\" decoding=\"async\" class=\"alignnone size-full wp-image-31214\" src=\"http:\/\/housing.urv.cat\/wp-content\/uploads\/2022\/01\/Imagen-3.png\" alt=\"\" width=\"193\" height=\"110\" \/><\/a><a href=\"http:\/\/www.tarracohabitatge.cat\/\"><img loading=\"lazy\" decoding=\"async\" class=\"alignnone size-full wp-image-31217\" src=\"http:\/\/housing.urv.cat\/wp-content\/uploads\/2022\/01\/Imagen-4.png\" alt=\"\" width=\"102\" height=\"114\" \/><\/a><a href=\"https:\/\/www.tarragona.cat\/\"><img loading=\"lazy\" decoding=\"async\" class=\"alignnone size-full wp-image-31220\" src=\"http:\/\/housing.urv.cat\/wp-content\/uploads\/2022\/01\/Imagen-5.png\" alt=\"\" width=\"170\" height=\"106\" \/><\/a><a href=\"https:\/\/www.reus.cat\/\"><img loading=\"lazy\" decoding=\"async\" class=\" wp-image-31223 alignnone\" src=\"http:\/\/housing.urv.cat\/wp-content\/uploads\/2022\/01\/Imagen-6.png\" alt=\"\" width=\"164\" height=\"112\" \/><\/a><\/p>\n<\/div><\/section>\n<div  class='hr av-av_hr-91d7ccd583a503147498e120fee2ff9b hr-default  avia-builder-el-27  el_after_av_textblock  el_before_av_icon_box '><span class='hr-inner '><span class=\"hr-inner-style\"><\/span><\/span><\/div>\n<article  class='iconbox iconbox_left av-kyvi3wts-acc238c5caba80ccd4727ab5c4bb4c30  avia-builder-el-28  el_after_av_hr  avia-builder-el-last '  itemscope=\"itemscope\" itemtype=\"https:\/\/schema.org\/CreativeWork\" ><div class=\"iconbox_content\"><header class=\"entry-content-header\" aria-label=\"Icon: Informaci\u00f3n y precios\"><div class='iconbox_icon heading-color avia-iconfont avia-font-entypo-fontello' data-av_icon='\ue81f' data-av_iconfont='entypo-fontello'  ><\/div><h3 class='iconbox_content_title '  itemprop=\"headline\" >Informaci\u00f3n y precios<\/h3><\/header><div class='iconbox_content_container '  itemprop=\"text\" ><p>Para m\u00e1s informaci\u00f3n y precios, contactar con: <a href=\"office.housing@urv.cat\">office.housing@urv.cat<\/a><\/p>\n<\/div><\/div><footer class=\"entry-footer\"><\/footer><\/article>\n","protected":false},"excerpt":{"rendered":"","protected":false},"author":2,"featured_media":0,"parent":0,"menu_order":0,"comment_status":"closed","ping_status":"closed","template":"","meta":{"footnotes":"","_wp_rev_ctl_limit":""},"class_list":["post-31542","page","type-page","status-publish","hentry"],"_links":{"self":[{"href":"https:\/\/housing.urv.cat\/es\/wp-json\/wp\/v2\/pages\/31542","targetHints":{"allow":["GET"]}}],"collection":[{"href":"https:\/\/housing.urv.cat\/es\/wp-json\/wp\/v2\/pages"}],"about":[{"href":"https:\/\/housing.urv.cat\/es\/wp-json\/wp\/v2\/types\/page"}],"author":[{"embeddable":true,"href":"https:\/\/housing.urv.cat\/es\/wp-json\/wp\/v2\/users\/2"}],"replies":[{"embeddable":true,"href":"https:\/\/housing.urv.cat\/es\/wp-json\/wp\/v2\/comments?post=31542"}],"version-history":[{"count":5,"href":"https:\/\/housing.urv.cat\/es\/wp-json\/wp\/v2\/pages\/31542\/revisions"}],"predecessor-version":[{"id":39079,"href":"https:\/\/housing.urv.cat\/es\/wp-json\/wp\/v2\/pages\/31542\/revisions\/39079"}],"wp:attachment":[{"href":"https:\/\/housing.urv.cat\/es\/wp-json\/wp\/v2\/media?parent=31542"}],"curies":[{"name":"wp","href":"https:\/\/api.w.org\/{rel}","templated":true}]}}